{"id":46,"date":"2018-02-28T11:09:32","date_gmt":"2018-02-28T10:09:32","guid":{"rendered":"https:\/\/sussiswebb.eu\/beauty\/?page_id=46"},"modified":"2018-02-28T11:09:38","modified_gmt":"2018-02-28T10:09:38","slug":"valkommen","status":"publish","type":"page","link":"https:\/\/sussiswebb.eu\/beauty\/valkommen","title":{"rendered":"V\u00e4lkommen"},"content":{"rendered":"<p>V\u00e4lkommen till mina sk\u00f6nhetssidor<\/p>\n","protected":false},"excerpt":{"rendered":"<p>V\u00e4lkommen till mina sk\u00f6nhetssidor<\/p>\n","protected":false},"author":1,"featured_media":0,"parent":0,"menu_order":0,"comment_status":"closed","ping_status":"closed","template":"home-panels.php","meta":{"ngg_post_thumbnail":0,"footnotes":""},"class_list":["post-46","page","type-page","status-publish","hentry"],"yoast_head":"<!-- This site is optimized with the Yoast SEO plugin v27.3 - https:\/\/yoast.com\/product\/yoast-seo-wordpress\/ -->\n<title>V\u00e4lkommen - Make-up &amp; hudv\u00e5rd<\/title>\n<meta name=\"robots\" content=\"index, follow, max-snippet:-1, max-image-preview:large, max-video-preview:-1\" \/>\n<link rel=\"canonical\" href=\"https:\/\/sussiswebb.eu\/beauty\/valkommen\" \/>\n<meta property=\"og:locale\" content=\"sv_SE\" \/>\n<meta property=\"og:type\" content=\"article\" \/>\n<meta property=\"og:title\" content=\"V\u00e4lkommen - Make-up &amp; hudv\u00e5rd\" \/>\n<meta property=\"og:description\" content=\"V\u00e4lkommen till mina sk\u00f6nhetssidor\" \/>\n<meta property=\"og:url\" content=\"https:\/\/sussiswebb.eu\/beauty\/valkommen\" \/>\n<meta property=\"og:site_name\" content=\"Make-up &amp; hudv\u00e5rd\" \/>\n<meta property=\"article:modified_time\" content=\"2018-02-28T10:09:38+00:00\" \/>\n<meta name=\"twitter:card\" content=\"summary_large_image\" \/>\n<script type=\"application\/ld+json\" class=\"yoast-schema-graph\">{\"@context\":\"https:\\\/\\\/schema.org\",\"@graph\":[{\"@type\":\"WebPage\",\"@id\":\"https:\\\/\\\/sussiswebb.eu\\\/beauty\\\/valkommen\",\"url\":\"https:\\\/\\\/sussiswebb.eu\\\/beauty\\\/valkommen\",\"name\":\"V\u00e4lkommen - Make-up &amp; hudv\u00e5rd\",\"isPartOf\":{\"@id\":\"https:\\\/\\\/sussiswebb.eu\\\/beauty\\\/#website\"},\"datePublished\":\"2018-02-28T10:09:32+00:00\",\"dateModified\":\"2018-02-28T10:09:38+00:00\",\"breadcrumb\":{\"@id\":\"https:\\\/\\\/sussiswebb.eu\\\/beauty\\\/valkommen#breadcrumb\"},\"inLanguage\":\"sv-SE\",\"potentialAction\":[{\"@type\":\"ReadAction\",\"target\":[\"https:\\\/\\\/sussiswebb.eu\\\/beauty\\\/valkommen\"]}]},{\"@type\":\"BreadcrumbList\",\"@id\":\"https:\\\/\\\/sussiswebb.eu\\\/beauty\\\/valkommen#breadcrumb\",\"itemListElement\":[{\"@type\":\"ListItem\",\"position\":1,\"name\":\"Hem\",\"item\":\"https:\\\/\\\/sussiswebb.eu\\\/beauty\"},{\"@type\":\"ListItem\",\"position\":2,\"name\":\"V\u00e4lkommen\"}]},{\"@type\":\"WebSite\",\"@id\":\"https:\\\/\\\/sussiswebb.eu\\\/beauty\\\/#website\",\"url\":\"https:\\\/\\\/sussiswebb.eu\\\/beauty\\\/\",\"name\":\"Make-up &amp; hudv\u00e5rd\",\"description\":\"Beauty is in the eye of the beholder\",\"potentialAction\":[{\"@type\":\"SearchAction\",\"target\":{\"@type\":\"EntryPoint\",\"urlTemplate\":\"https:\\\/\\\/sussiswebb.eu\\\/beauty\\\/?s={search_term_string}\"},\"query-input\":{\"@type\":\"PropertyValueSpecification\",\"valueRequired\":true,\"valueName\":\"search_term_string\"}}],\"inLanguage\":\"sv-SE\"}]}<\/script>\n<!-- \/ Yoast SEO plugin. -->","yoast_head_json":{"title":"V\u00e4lkommen - Make-up &amp; hudv\u00e5rd","robots":{"index":"index","follow":"follow","max-snippet":"max-snippet:-1","max-image-preview":"max-image-preview:large","max-video-preview":"max-video-preview:-1"},"canonical":"https:\/\/sussiswebb.eu\/beauty\/valkommen","og_locale":"sv_SE","og_type":"article","og_title":"V\u00e4lkommen - Make-up &amp; hudv\u00e5rd","og_description":"V\u00e4lkommen till mina sk\u00f6nhetssidor","og_url":"https:\/\/sussiswebb.eu\/beauty\/valkommen","og_site_name":"Make-up &amp; hudv\u00e5rd","article_modified_time":"2018-02-28T10:09:38+00:00","twitter_card":"summary_large_image","schema":{"@context":"https:\/\/schema.org","@graph":[{"@type":"WebPage","@id":"https:\/\/sussiswebb.eu\/beauty\/valkommen","url":"https:\/\/sussiswebb.eu\/beauty\/valkommen","name":"V\u00e4lkommen - Make-up &amp; hudv\u00e5rd","isPartOf":{"@id":"https:\/\/sussiswebb.eu\/beauty\/#website"},"datePublished":"2018-02-28T10:09:32+00:00","dateModified":"2018-02-28T10:09:38+00:00","breadcrumb":{"@id":"https:\/\/sussiswebb.eu\/beauty\/valkommen#breadcrumb"},"inLanguage":"sv-SE","potentialAction":[{"@type":"ReadAction","target":["https:\/\/sussiswebb.eu\/beauty\/valkommen"]}]},{"@type":"BreadcrumbList","@id":"https:\/\/sussiswebb.eu\/beauty\/valkommen#breadcrumb","itemListElement":[{"@type":"ListItem","position":1,"name":"Hem","item":"https:\/\/sussiswebb.eu\/beauty"},{"@type":"ListItem","position":2,"name":"V\u00e4lkommen"}]},{"@type":"WebSite","@id":"https:\/\/sussiswebb.eu\/beauty\/#website","url":"https:\/\/sussiswebb.eu\/beauty\/","name":"Make-up &amp; hudv\u00e5rd","description":"Beauty is in the eye of the beholder","potentialAction":[{"@type":"SearchAction","target":{"@type":"EntryPoint","urlTemplate":"https:\/\/sussiswebb.eu\/beauty\/?s={search_term_string}"},"query-input":{"@type":"PropertyValueSpecification","valueRequired":true,"valueName":"search_term_string"}}],"inLanguage":"sv-SE"}]}},"_links":{"self":[{"href":"https:\/\/sussiswebb.eu\/beauty\/wp-json\/wp\/v2\/pages\/46","targetHints":{"allow":["GET"]}}],"collection":[{"href":"https:\/\/sussiswebb.eu\/beauty\/wp-json\/wp\/v2\/pages"}],"about":[{"href":"https:\/\/sussiswebb.eu\/beauty\/wp-json\/wp\/v2\/types\/page"}],"author":[{"embeddable":true,"href":"https:\/\/sussiswebb.eu\/beauty\/wp-json\/wp\/v2\/users\/1"}],"replies":[{"embeddable":true,"href":"https:\/\/sussiswebb.eu\/beauty\/wp-json\/wp\/v2\/comments?post=46"}],"version-history":[{"count":2,"href":"https:\/\/sussiswebb.eu\/beauty\/wp-json\/wp\/v2\/pages\/46\/revisions"}],"predecessor-version":[{"id":48,"href":"https:\/\/sussiswebb.eu\/beauty\/wp-json\/wp\/v2\/pages\/46\/revisions\/48"}],"wp:attachment":[{"href":"https:\/\/sussiswebb.eu\/beauty\/wp-json\/wp\/v2\/media?parent=46"}],"curies":[{"name":"wp","href":"https:\/\/api.w.org\/{rel}","templated":true}]}}